{"id":7387,"date":"2024-02-04T17:05:10","date_gmt":"2024-02-04T14:05:10","guid":{"rendered":"https:\/\/okyanusalu.com\/quality-policy\/"},"modified":"2024-07-19T10:53:13","modified_gmt":"2024-07-19T07:53:13","slug":"qualitaetspolitik","status":"publish","type":"page","link":"https:\/\/okyanusalu.com\/de\/qualitaetspolitik\/","title":{"rendered":"Qualit\u00e4tspolitik"},"content":{"rendered":"[vc_row type=&#8220;full_width_background&#8220; full_screen_row_position=&#8220;middle&#8220; column_margin=&#8220;default&#8220; column_direction=&#8220;default&#8220; column_direction_tablet=&#8220;default&#8220; column_direction_phone=&#8220;default&#8220; bg_color=&#8220;#ffffff&#8220; scene_position=&#8220;center&#8220; top_padding=&#8220;3%&#8220; constrain_group_1=&#8220;yes&#8220; bottom_padding=&#8220;3%&#8220; text_color=&#8220;dark&#8220; text_align=&#8220;left&#8220; row_border_radius=&#8220;none&#8220; row_border_radius_applies=&#8220;bg&#8220; overlay_strength=&#8220;0.3&#8243; gradient_direction=&#8220;left_to_right&#8220; shape_divider_position=&#8220;bottom&#8220; bg_image_animation=&#8220;none&#8220; shape_type=&#8220;&#8220;][vc_column column_padding=&#8220;no-extra-padding&#8220; column_padding_tablet=&#8220;inherit&#8220; column_padding_phone=&#8220;inherit&#8220; column_padding_position=&#8220;all&#8220; background_color_opacity=&#8220;1&#8243; background_hover_color_opacity=&#8220;1&#8243; column_shadow=&#8220;none&#8220; column_border_radius=&#8220;none&#8220; column_link_target=&#8220;_self&#8220; gradient_direction=&#8220;left_to_right&#8220; overlay_strength=&#8220;0.3&#8243; width=&#8220;1\/1&#8243; tablet_width_inherit=&#8220;default&#8220; tablet_text_alignment=&#8220;default&#8220; phone_text_alignment=&#8220;default&#8220; column_border_width=&#8220;none&#8220; column_border_style=&#8220;solid&#8220; bg_image_animation=&#8220;none&#8220;][vc_column_text]Entwicklung von Managementsystemen, die wir als OKYANUS AL\u00dcM\u0130NYUM umsetzen,<br \/>\nF\u00fcr die Entwicklung unseres Unternehmens und um bessere Pl\u00e4tze zu erreichen;<\/p>\n<ul>\n<li>Um die Zufriedenheit unserer Kunden und Mitarbeiter in den Vordergrund zu stellen,<\/li>\n<li>die Einhaltung der gesetzlichen und technischen Vorschriften f\u00fcr unsere Produkte zu gew\u00e4hrleisten,<\/li>\n<li>St\u00e4ndige Beobachtung der Anforderungen und Erwartungen unserer Kunden und M\u00e4rkte und weitere Verbesserung der von uns hergestellten Produkte durch den Einsatz neuer Technologien.<\/li>\n<li>Wir wollen unter gesunden und sicheren Bedingungen produzieren, ohne die menschliche Gesundheit w\u00e4hrend des gesamten Produktionsprozesses zu gef\u00e4hrden.<\/li>\n<li>Wir wollen ein kundenorientiertes Unternehmen sein,<\/li>\n<li>Unseren Kunden Qualit\u00e4t, Schnelligkeit und Vertrauen in die Produktion zu bieten,<\/li>\n<li>Wir wollen das Unternehmen sein, das den besten Service in unserem Sektor bietet,<\/li>\n<li>Unseren Kunden gleichzeitig mit der Welt Innovationen zu pr\u00e4sentieren,<\/li>\n<li>Die kontinuierliche Entwicklung unserer Mitarbeiter zu gew\u00e4hrleisten,<\/li>\n<li>eine gesunde und sichere Arbeitsumgebung f\u00fcr unsere Mitarbeiter zu schaffen<\/li>\n<li>Vorbeugung von Unf\u00e4llen und Zwischenf\u00e4llen, die in unserem Unternehmen auftreten k\u00f6nnen<\/li>\n<li>Erf\u00fcllung der Anforderungen des Qualit\u00e4tsmanagementsystems ISO 9001:2015 und Durchf\u00fchrung von Aktivit\u00e4ten zur kontinuierlichen Verbesserung,<\/li>\n<\/ul>\n<p>Dies wurde als POLITIK unseres Unternehmens festgelegt.[\/vc_column_text][\/vc_column][\/vc_row]\n","protected":false},"excerpt":{"rendered":"<p>[vc_row type=&#8220;full_width_background&#8220; full_screen_row_position=&#8220;middle&#8220; column_margin=&#8220;default&#8220; column_direction=&#8220;default&#8220; column_direction_tablet=&#8220;default&#8220; column_direction_phone=&#8220;default&#8220; bg_color=&#8220;#ffffff&#8220; scene_position=&#8220;center&#8220; top_padding=&#8220;3%&#8220; constrain_group_1=&#8220;yes&#8220; bottom_padding=&#8220;3%&#8220; text_color=&#8220;dark&#8220; text_align=&#8220;left&#8220; row_border_radius=&#8220;none&#8220; row_border_radius_applies=&#8220;bg&#8220; overlay_strength=&#8220;0.3&#8243; gradient_direction=&#8220;left_to_right&#8220; shape_divider_position=&#8220;bottom&#8220; bg_image_animation=&#8220;none&#8220; shape_type=&#8220;&#8220;][vc_column column_padding=&#8220;no-extra-padding&#8220; column_padding_tablet=&#8220;inherit&#8220; column_padding_phone=&#8220;inherit&#8220; column_padding_position=&#8220;all&#8220; background_color_opacity=&#8220;1&#8243; background_hover_color_opacity=&#8220;1&#8243; column_shadow=&#8220;none&#8220; column_border_radius=&#8220;none&#8220; column_link_target=&#8220;_self&#8220;&#8230;<\/p>\n","protected":false},"author":1,"featured_media":0,"parent":0,"menu_order":0,"comment_status":"closed","ping_status":"closed","template":"","meta":{"inline_featured_image":false,"footnotes":""},"class_list":["post-7387","page","type-page","status-publish"],"_links":{"self":[{"href":"https:\/\/okyanusalu.com\/de\/wp-json\/wp\/v2\/pages\/7387","targetHints":{"allow":["GET"]}}],"collection":[{"href":"https:\/\/okyanusalu.com\/de\/wp-json\/wp\/v2\/pages"}],"about":[{"href":"https:\/\/okyanusalu.com\/de\/wp-json\/wp\/v2\/types\/page"}],"author":[{"embeddable":true,"href":"https:\/\/okyanusalu.com\/de\/wp-json\/wp\/v2\/users\/1"}],"replies":[{"embeddable":true,"href":"https:\/\/okyanusalu.com\/de\/wp-json\/wp\/v2\/comments?post=7387"}],"version-history":[{"count":2,"href":"https:\/\/okyanusalu.com\/de\/wp-json\/wp\/v2\/pages\/7387\/revisions"}],"predecessor-version":[{"id":7471,"href":"https:\/\/okyanusalu.com\/de\/wp-json\/wp\/v2\/pages\/7387\/revisions\/7471"}],"wp:attachment":[{"href":"https:\/\/okyanusalu.com\/de\/wp-json\/wp\/v2\/media?parent=7387"}],"curies":[{"name":"wp","href":"https:\/\/api.w.org\/{rel}","templated":true}]}}