{"id":7379,"date":"2021-02-11T13:42:13","date_gmt":"2021-02-11T10:42:13","guid":{"rendered":"https:\/\/okyanusalu.com\/about-us\/"},"modified":"2024-07-19T10:52:34","modified_gmt":"2024-07-19T07:52:34","slug":"ueber-uns","status":"publish","type":"page","link":"https:\/\/okyanusalu.com\/de\/ueber-uns\/","title":{"rendered":"\u00dcber Uns"},"content":{"rendered":"[vc_row type=&#8220;full_width_background&#8220; full_screen_row_position=&#8220;middle&#8220; column_margin=&#8220;default&#8220; column_direction=&#8220;default&#8220; column_direction_tablet=&#8220;default&#8220; column_direction_phone=&#8220;default&#8220; bg_color=&#8220;#ffffff&#8220; scene_position=&#8220;center&#8220; top_padding=&#8220;3%&#8220; constrain_group_1=&#8220;yes&#8220; bottom_padding=&#8220;3%&#8220; text_color=&#8220;dark&#8220; text_align=&#8220;left&#8220; row_border_radius=&#8220;none&#8220; row_border_radius_applies=&#8220;bg&#8220; overlay_strength=&#8220;0.3&#8243; gradient_direction=&#8220;left_to_right&#8220; shape_divider_position=&#8220;bottom&#8220; bg_image_animation=&#8220;none&#8220; shape_type=&#8220;&#8220;][vc_column column_padding=&#8220;no-extra-padding&#8220; column_padding_tablet=&#8220;inherit&#8220; column_padding_phone=&#8220;inherit&#8220; column_padding_position=&#8220;all&#8220; background_color_opacity=&#8220;1&#8243; background_hover_color_opacity=&#8220;1&#8243; column_shadow=&#8220;none&#8220; column_border_radius=&#8220;none&#8220; column_link_target=&#8220;_self&#8220; gradient_direction=&#8220;left_to_right&#8220; overlay_strength=&#8220;0.3&#8243; width=&#8220;1\/2&#8243; tablet_width_inherit=&#8220;default&#8220; tablet_text_alignment=&#8220;default&#8220; phone_text_alignment=&#8220;default&#8220; column_border_width=&#8220;none&#8220; column_border_style=&#8220;solid&#8220; bg_image_animation=&#8220;none&#8220;][vc_column_text]\n<h3>\u00dcber uns<\/h3>\n<p>Unser Unternehmen hat seine Produktion im Jahr 2004 an der Buyukcekmece-Hadimkoy-Stra\u00dfe mit einer vollautomatischen 920-Tonnen-Aluminium-Strangpresse, 8 St\u00fcck Super Corona Gema-Pistolen und einer Lackieranlage mit computergest\u00fctzten Robotern, CNC- und drahterosionsgest\u00fctzter Formerei und Formenbau begonnen.<\/p>\n<p>Um die Erwartungen und Anforderungen unserer Kunden besser erf\u00fcllen zu k\u00f6nnen, haben wir im Dezember 2009 mit der Produktion in unserem Werk in Tekirdag-Muratli begonnen, das 150 km von Istanbul entfernt liegt. Dort haben wir vollautomatische Pressen mit einer Kapazit\u00e4t von 660 Tonnen und 2000 Tonnen in die Produktionslinien integriert. Auf einer Fl\u00e4che von 21.000 m\u00b2 und einer \u00fcberdachten Fl\u00e4che von 14.000 m\u00b2 entwickeln wir uns Tag f\u00fcr Tag weiter und haben aufgrund unseres Engagements f\u00fcr Qualit\u00e4t die TSE- und ISO-Zertifikate erhalten. Seit Februar 2013 haben wir alle unsere Produktionseinheiten unter einem Dach vereint und setzen die Produktion in unserem Werk in Tekirdag-Muratl\u0131 fort, wobei der Hauptsitz in Istanbul verbleibt.<\/p>\n<h3>Unser Auftrag<\/h3>\n<p>Wir wollen dem weltweiten Aluminiumsektor Produkte bester Qualit\u00e4t anbieten, die mit den sich entwickelnden Technologien in Einklang stehen, und zwar durch einen Teamgeist, der auf kontinuierliche Entwicklung und Leistung ausgerichtet ist.[\/vc_column_text][\/vc_column][vc_column column_padding=&#8220;no-extra-padding&#8220; column_padding_tablet=&#8220;inherit&#8220; column_padding_phone=&#8220;inherit&#8220; column_padding_position=&#8220;all&#8220; background_color_opacity=&#8220;1&#8243; background_hover_color_opacity=&#8220;1&#8243; column_shadow=&#8220;none&#8220; column_border_radius=&#8220;none&#8220; column_link_target=&#8220;_self&#8220; gradient_direction=&#8220;left_to_right&#8220; overlay_strength=&#8220;0.3&#8243; width=&#8220;1\/2&#8243; tablet_width_inherit=&#8220;default&#8220; tablet_text_alignment=&#8220;default&#8220; phone_text_alignment=&#8220;default&#8220; column_border_width=&#8220;none&#8220; column_border_style=&#8220;solid&#8220; bg_image_animation=&#8220;none&#8220;][image_with_animation image_url=&#8220;6373&#8243; animation=&#8220;Fade In&#8220; hover_animation=&#8220;none&#8220; alignment=&#8220;&#8220; border_radius=&#8220;none&#8220; box_shadow=&#8220;medium_depth&#8220; image_loading=&#8220;default&#8220; max_width=&#8220;100%&#8220; max_width_mobile=&#8220;default&#8220;][vc_column_text]\n<h3>Unsere Vision<\/h3>\n<ul>\n<li>Einen Platz unter den f\u00fchrenden Unternehmen der Aluminiumprofilbranche in der T\u00fcrkei zu erreichen,<\/li>\n<li>Die Anforderungen und Erwartungen der Kunden immer in den Vordergrund zu stellen,<\/li>\n<li>Die Umwelt, die Natur und die Gesellschaft zu sch\u00fctzen,<\/li>\n<li>Ein Managementsystem, das sich um die menschlichen Ressourcen k\u00fcmmert, die Kreativit\u00e4t unterst\u00fctzt und f\u00f6rdert und auf einer offenen Kommunikation basiert,<\/li>\n<li>Nachhaltiger Umgang mit allen Quellen,<\/li>\n<li>Wir werden eins mit unseren Kunden, Lieferanten und Mitarbeitern,<\/li>\n<li>Aufrechterhaltung des gegenseitigen Vertrauens in unseren gesch\u00e4ftlichen und sozialen Aktivit\u00e4ten, Einhaltung hervorragender arbeitsethischer Standards.<\/li>\n<\/ul>\n[\/vc_column_text][\/vc_column][\/vc_row]\n","protected":false},"excerpt":{"rendered":"<p>[vc_row type=&#8220;full_width_background&#8220; full_screen_row_position=&#8220;middle&#8220; column_margin=&#8220;default&#8220; column_direction=&#8220;default&#8220; column_direction_tablet=&#8220;default&#8220; column_direction_phone=&#8220;default&#8220; bg_color=&#8220;#ffffff&#8220; scene_position=&#8220;center&#8220; top_padding=&#8220;3%&#8220; constrain_group_1=&#8220;yes&#8220; bottom_padding=&#8220;3%&#8220; text_color=&#8220;dark&#8220; text_align=&#8220;left&#8220; row_border_radius=&#8220;none&#8220; row_border_radius_applies=&#8220;bg&#8220; overlay_strength=&#8220;0.3&#8243; gradient_direction=&#8220;left_to_right&#8220; shape_divider_position=&#8220;bottom&#8220; bg_image_animation=&#8220;none&#8220; shape_type=&#8220;&#8220;][vc_column column_padding=&#8220;no-extra-padding&#8220; column_padding_tablet=&#8220;inherit&#8220; column_padding_phone=&#8220;inherit&#8220; column_padding_position=&#8220;all&#8220; background_color_opacity=&#8220;1&#8243; background_hover_color_opacity=&#8220;1&#8243; column_shadow=&#8220;none&#8220; column_border_radius=&#8220;none&#8220; column_link_target=&#8220;_self&#8220;&#8230;<\/p>\n","protected":false},"author":1,"featured_media":0,"parent":0,"menu_order":0,"comment_status":"closed","ping_status":"closed","template":"","meta":{"inline_featured_image":false,"footnotes":""},"class_list":["post-7379","page","type-page","status-publish"],"_links":{"self":[{"href":"https:\/\/okyanusalu.com\/de\/wp-json\/wp\/v2\/pages\/7379","targetHints":{"allow":["GET"]}}],"collection":[{"href":"https:\/\/okyanusalu.com\/de\/wp-json\/wp\/v2\/pages"}],"about":[{"href":"https:\/\/okyanusalu.com\/de\/wp-json\/wp\/v2\/types\/page"}],"author":[{"embeddable":true,"href":"https:\/\/okyanusalu.com\/de\/wp-json\/wp\/v2\/users\/1"}],"replies":[{"embeddable":true,"href":"https:\/\/okyanusalu.com\/de\/wp-json\/wp\/v2\/comments?post=7379"}],"version-history":[{"count":3,"href":"https:\/\/okyanusalu.com\/de\/wp-json\/wp\/v2\/pages\/7379\/revisions"}],"predecessor-version":[{"id":7434,"href":"https:\/\/okyanusalu.com\/de\/wp-json\/wp\/v2\/pages\/7379\/revisions\/7434"}],"wp:attachment":[{"href":"https:\/\/okyanusalu.com\/de\/wp-json\/wp\/v2\/media?parent=7379"}],"curies":[{"name":"wp","href":"https:\/\/api.w.org\/{rel}","templated":true}]}}